{"id":6,"date":"2026-01-24T15:53:07","date_gmt":"2026-01-24T15:53:07","guid":{"rendered":"https:\/\/inatcilezzet.com\/?page_id=6"},"modified":"2026-01-24T19:30:33","modified_gmt":"2026-01-24T19:30:33","slug":"maintenance-page","status":"publish","type":"page","link":"https:\/\/inatcilezzet.com\/","title":{"rendered":"\u0130nat\u00e7\u0131 Lezzet &#8211; Dondurma"},"content":{"rendered":"\n<div id=\"wp-block-themeisle-blocks-advanced-columns-53e22743\" class=\"wp-block-themeisle-blocks-advanced-columns alignfull has-1-columns has-desktop-equal-layout has-tablet-equal-layout has-mobile-equal-layout has-vertical-unset has-light-bg\"><div class=\"wp-block-themeisle-blocks-advanced-columns-overlay\"><\/div><div class=\"innerblocks-wrap\">\n<div id=\"wp-block-themeisle-blocks-advanced-column-f2a31680\" class=\"wp-block-themeisle-blocks-advanced-column\">\n<div id=\"wp-block-themeisle-blocks-advanced-columns-a10c239d\" class=\"wp-block-themeisle-blocks-advanced-columns has-1-columns has-desktop-equal-layout has-tablet-equal-layout has-mobile-equal-layout has-vertical-unset\"><div class=\"wp-block-themeisle-blocks-advanced-columns-overlay\"><\/div><div class=\"innerblocks-wrap\">\n<div id=\"wp-block-themeisle-blocks-advanced-column-a171f636\" class=\"wp-block-themeisle-blocks-advanced-column\">\n<figure class=\"wp-block-image aligncenter size-large is-resized\"><img loading=\"lazy\" decoding=\"async\" width=\"1002\" height=\"1024\" src=\"https:\/\/inatcilezzet.com\/wp-content\/uploads\/2026\/01\/logo-1002x1024.png\" alt=\"\" class=\"wp-image-16\" style=\"aspect-ratio:0.9785697086443534;width:147px;height:auto\" srcset=\"https:\/\/inatcilezzet.com\/wp-content\/uploads\/2026\/01\/logo-1002x1024.png 1002w, https:\/\/inatcilezzet.com\/wp-content\/uploads\/2026\/01\/logo-294x300.png 294w, https:\/\/inatcilezzet.com\/wp-content\/uploads\/2026\/01\/logo-768x785.png 768w, https:\/\/inatcilezzet.com\/wp-content\/uploads\/2026\/01\/logo.png 1252w\" sizes=\"auto, (max-width: 1002px) 100vw, 1002px\" \/><\/figure>\n\n\n\n<h1 id=\"wp-block-themeisle-blocks-advanced-heading-67d18996\" class=\"wp-block-themeisle-blocks-advanced-heading wp-block-themeisle-blocks-advanced-heading-67d18996\"><strong>\u0130nad\u0131na Do\u011fal, \u0130nad\u0131na Lezzetli<\/strong><\/h1>\n\n\n\n<p id=\"wp-block-themeisle-blocks-advanced-heading-17e59d8c\" class=\"wp-block-themeisle-blocks-advanced-heading wp-block-themeisle-blocks-advanced-heading-17e59d8c\">Do\u011fal i\u00e7erikler, geleneksel \u00fcretim ve ger\u00e7ek dondurma tad\u0131\u2026<br>\u0130nat\u00e7\u0131 Lezzet\u2019te her ka\u015f\u0131kta eme\u011fi, do\u011fall\u0131\u011f\u0131 ve mutlulu\u011fu hissedersiniz.<br>Bir tadars\u0131n\u0131z, vazge\u00e7emezsiniz.<\/p>\n<\/div>\n<\/div><\/div>\n\n\n\n<div id=\"wp-block-themeisle-blocks-advanced-columns-85a8c501\" class=\"wp-block-themeisle-blocks-advanced-columns has-1-columns has-desktop-equal-layout has-tablet-equal-layout has-mobile-equal-layout has-vertical-unset\"><div class=\"wp-block-themeisle-blocks-advanced-columns-overlay\"><\/div><div class=\"innerblocks-wrap\">\n<div id=\"wp-block-themeisle-blocks-advanced-column-d36272fd\" class=\"wp-block-themeisle-blocks-advanced-column\"><\/div>\n<\/div><\/div>\n\n\n\n<div id=\"wp-block-themeisle-blocks-advanced-columns-54b20c42\" class=\"wp-block-themeisle-blocks-advanced-columns has-1-columns has-desktop-equal-layout has-tablet-equal-layout has-mobile-equal-layout has-vertical-unset\"><div class=\"wp-block-themeisle-blocks-advanced-columns-overlay\"><\/div><div class=\"innerblocks-wrap\">\n<div id=\"wp-block-themeisle-blocks-advanced-column-002bbd4c\" class=\"wp-block-themeisle-blocks-advanced-column\">\n<div id=\"wp-block-themeisle-blocks-advanced-columns-6e65acfb\" class=\"wp-block-themeisle-blocks-advanced-columns alignfull has-3-columns has-desktop-equal-layout has-tablet-equal-layout has-mobile-collapsedRows-layout has-vertical-top ticss-c00aadba\"><div class=\"wp-block-themeisle-blocks-advanced-columns-overlay\"><\/div><div class=\"innerblocks-wrap\">\n<div id=\"wp-block-themeisle-blocks-advanced-column-f4333eeb\" class=\"wp-block-themeisle-blocks-advanced-column\">\n<h2 id=\"wp-block-themeisle-blocks-advanced-heading-360f5b02\" class=\"wp-block-themeisle-blocks-advanced-heading wp-block-themeisle-blocks-advanced-heading-360f5b02\">\ud83d\udc10 NEDEN \u0130NAT\u00c7I LEZZET?<\/h2>\n\n\n\n<ul class=\"wp-block-list\">\n<li>Do\u011fal ve kaliteli hammaddeler<\/li>\n\n\n\n<li>Geleneksel \u00fcretim anlay\u0131\u015f\u0131<\/li>\n\n\n\n<li>Katk\u0131 maddesine kar\u015f\u0131 inat\u00e7\u0131 duru\u015f<\/li>\n\n\n\n<li>Lezzetten \u00f6d\u00fcn vermeyen tarifler<\/li>\n<\/ul>\n\n\n\n<p>\u00c7\u00fcnk\u00fc biz lezzet konusunda <strong>inat\u00e7\u0131y\u0131z<\/strong>.<\/p>\n<\/div>\n\n\n\n<div id=\"wp-block-themeisle-blocks-advanced-column-78ae8ec1\" class=\"wp-block-themeisle-blocks-advanced-column\">\n<figure class=\"wp-block-image size-full\"><img loading=\"lazy\" decoding=\"async\" width=\"1518\" height=\"1640\" src=\"https:\/\/inatcilezzet.com\/wp-content\/uploads\/2026\/01\/Untitled-2-1.jpg\" alt=\"\" class=\"wp-image-18\" srcset=\"https:\/\/inatcilezzet.com\/wp-content\/uploads\/2026\/01\/Untitled-2-1.jpg 1518w, https:\/\/inatcilezzet.com\/wp-content\/uploads\/2026\/01\/Untitled-2-1-278x300.jpg 278w, https:\/\/inatcilezzet.com\/wp-content\/uploads\/2026\/01\/Untitled-2-1-948x1024.jpg 948w, https:\/\/inatcilezzet.com\/wp-content\/uploads\/2026\/01\/Untitled-2-1-768x830.jpg 768w, https:\/\/inatcilezzet.com\/wp-content\/uploads\/2026\/01\/Untitled-2-1-1422x1536.jpg 1422w\" sizes=\"auto, (max-width: 1518px) 100vw, 1518px\" \/><\/figure>\n<\/div>\n\n\n\n<div id=\"wp-block-themeisle-blocks-advanced-column-81e97556\" class=\"wp-block-themeisle-blocks-advanced-column\">\n<figure class=\"wp-block-image size-full\"><img loading=\"lazy\" decoding=\"async\" width=\"1518\" height=\"1640\" src=\"https:\/\/inatcilezzet.com\/wp-content\/uploads\/2026\/01\/45.jpg\" alt=\"\" class=\"wp-image-19\" srcset=\"https:\/\/inatcilezzet.com\/wp-content\/uploads\/2026\/01\/45.jpg 1518w, https:\/\/inatcilezzet.com\/wp-content\/uploads\/2026\/01\/45-278x300.jpg 278w, https:\/\/inatcilezzet.com\/wp-content\/uploads\/2026\/01\/45-948x1024.jpg 948w, https:\/\/inatcilezzet.com\/wp-content\/uploads\/2026\/01\/45-768x830.jpg 768w, https:\/\/inatcilezzet.com\/wp-content\/uploads\/2026\/01\/45-1422x1536.jpg 1422w\" sizes=\"auto, (max-width: 1518px) 100vw, 1518px\" \/><\/figure>\n<\/div>\n<\/div><\/div>\n<\/div>\n<\/div><\/div>\n<\/div>\n<\/div><\/div>\n\n\n\n<div id=\"wp-block-themeisle-blocks-advanced-columns-40db0924\" class=\"wp-block-themeisle-blocks-advanced-columns alignfull has-1-columns has-desktop-equal-layout has-tablet-equal-layout has-mobile-collapsedRows-layout has-vertical-top ticss-c00aadba\"><div class=\"wp-block-themeisle-blocks-advanced-columns-overlay\"><\/div><div class=\"innerblocks-wrap\">\n<div id=\"wp-block-themeisle-blocks-advanced-column-006aede9\" class=\"wp-block-themeisle-blocks-advanced-column\">\n<div id=\"wp-block-themeisle-blocks-font-awesome-icons-2b7e7997\" class=\"wp-block-themeisle-blocks-font-awesome-icons\"><span class=\"wp-block-themeisle-blocks-font-awesome-icons-container\"><svg xmlns=\"http:\/\/www.w3.org\/2000\/svg\" viewBox=\"0 0 1800 1800\"><path d=\"M531.087,344.727c0.247,0,0.492,0.033,0.739,0.033h453.558c16.819,0,30.444-13.625,30.444-30.436 c0-16.815-13.625-30.435-30.444-30.435H638.226H531.826c-16.811,0-30.44,13.62-30.44,30.435 C501.386,330.885,514.624,344.331,531.087,344.727z\"><\/path><path d=\"M531.826,497.389h749.422c16.814,0,30.443-13.629,30.443-30.439c0-16.814-13.629-30.439-30.443-30.439 H531.826c-16.811,0-30.44,13.625-30.44,30.439C501.386,483.76,515.016,497.389,531.826,497.389z\"><\/path><path d=\"M531.826,650.009h749.422c16.814,0,30.443-13.633,30.443-30.444c0-8.872-3.822-16.827-9.877-22.389 c-5.424-4.982-12.625-8.046-20.566-8.046H531.826c-7.938,0-15.143,3.064-20.567,8.046c-6.054,5.562-9.873,13.517-9.873,22.389 C501.386,636.376,515.016,650.009,531.826,650.009z\"><\/path><path d=\"M1311.691,772.194c0-16.806-13.629-30.436-30.443-30.436H531.826c-16.811,0-30.44,13.629-30.44,30.436 c0,16.815,13.629,30.444,30.44,30.444h749.422C1298.063,802.638,1311.691,789.009,1311.691,772.194z\"><\/path><path d=\"M1772.088,533.511c-2.481-3.422-5.691-6.4-9.603-8.622l-246.454-139.961v-82.389v-9.853 c-1.264-7.738-5.432-14.501-11.406-19.066l-49.465-42.835l-131.073-113.508l-61.889-53.596c-5.286-4.582-11.866-7.021-18.591-7.275 h-2.197H937.55h-66.904H383.746c-47.809,0-86.705,38.895-86.705,86.696V382.15L61.554,515.893 c-31.678,11.565-54.396,41.913-54.396,77.54v1067.543c0,45.554,37.064,82.618,82.622,82.618h1625.598 c45.558,0,82.623-37.064,82.623-82.618V593.433C1798,569.839,1788.002,548.583,1772.088,533.511z M1614.426,510.814l92.579,52.583 l-11.661,8.301l-179.313,127.664V571.698v-60.883v-55.873L1614.426,510.814z M1405.5,267.454h-132.895V152.361L1405.5,267.454z M357.922,571.698v-60.883v-93.226v-70.01V143.102c0-14.239,11.585-25.825,25.824-25.825h379.699H886.73h34.734h123.285h167.617 v180.296c0,16.631,13.483,30.11,30.119,30.11h212.674v22.668v70.015v90.448v60.883V742.7l-397.298,282.87l-50.781,36.148 l-18.591,13.241l-81.088,57.728l-81.093-57.728l-18.611-13.25l-50.782-36.155L357.922,741.483V571.698z M193.76,510.814 l103.281-58.649v58.649v60.883V698.14L119.448,571.698l-14.597-10.395L193.76,510.814z M68.036,1648.984V609.822l229.005,163.047 l60.88,43.344L710.7,1067.38l-8.372,7.58l-67.267,60.871L68.036,1648.984z M121.495,1682.723l604.294-546.892l35.693-32.304 l45.37,32.304l82.897,59.028c5.283,3.76,11.462,5.637,17.653,5.637c6.187,0,12.369-1.877,17.652-5.637l82.889-59.028l45.354-32.286 l35.686,32.286l604.311,546.892H121.495z M1737.119,1640.271l-557.41-504.439l-67.267-60.871l-8.359-7.563l351.077-249.962 l60.871-43.348l221.088-157.407V1640.271z\"><\/path><\/svg><\/span><\/div>\n\n\n\n<h2 id=\"wp-block-themeisle-blocks-advanced-heading-8e35b90f\" class=\"wp-block-themeisle-blocks-advanced-heading wp-block-themeisle-blocks-advanced-heading-8e35b90f\">Bize mesaj g\u00f6nderin!<\/h2>\n\n\n\n<p>Lezzetle tan\u0131\u015fmak ve bizimle ileti\u015fime ge\u00e7mek i\u00e7in bize her zaman ula\u015fabilirsiniz \ud83c\udf66<\/p>\n\n\n\n<div id=\"wp-block-themeisle-blocks-icon-list-dfc1fb3a\" class=\"wp-block-themeisle-blocks-icon-list\">\n<div id=\"wp-block-themeisle-blocks-icon-list-item-e6a57e87\" class=\"wp-block-themeisle-blocks-icon-list-item\"><i class=\"fas fa-phone wp-block-themeisle-blocks-icon-list-item-icon\"><\/i><p class=\"wp-block-themeisle-blocks-icon-list-item-content\">0541 272 00 62<\/p><\/div>\n\n\n\n<div id=\"wp-block-themeisle-blocks-icon-list-item-648b3a6e\" class=\"wp-block-themeisle-blocks-icon-list-item\"><i class=\"far fa-envelope wp-block-themeisle-blocks-icon-list-item-icon\"><\/i><p class=\"wp-block-themeisle-blocks-icon-list-item-content\">inatcilezzet@gmail.com<\/p><\/div>\n\n\n\n<div id=\"wp-block-themeisle-blocks-icon-list-item-d4eec3f8\" class=\"wp-block-themeisle-blocks-icon-list-item\"><i class=\"fas fa-map-marker-alt wp-block-themeisle-blocks-icon-list-item-icon\"><\/i><p class=\"wp-block-themeisle-blocks-icon-list-item-content\">Kad\u0131kendi Mahallesi, 8504 Sokak No: 26<br>Eyy\u00fcbiye \/ \u015eanl\u0131urfa<\/p><\/div>\n<\/div>\n<\/div>\n<\/div><\/div>\n\n\n\n<div id=\"wp-block-themeisle-blocks-advanced-columns-d880776f\" class=\"wp-block-themeisle-blocks-advanced-columns alignfull has-1-columns has-desktop-equal-layout has-tablet-equal-layout has-mobile-equal-layout has-vertical-unset has-light-bg\"><div class=\"wp-block-themeisle-blocks-advanced-columns-overlay\"><\/div><div class=\"innerblocks-wrap\">\n<div id=\"wp-block-themeisle-blocks-advanced-column-057e714d\" class=\"wp-block-themeisle-blocks-advanced-column\">\n<div class=\"wp-block-group alignfull has-background-color has-global-padding is-layout-constrained wp-container-core-group-is-layout-5d2f8bdc wp-block-group-is-layout-constrained\" style=\"margin-top:0;margin-bottom:0;padding-top:var(--wp--preset--spacing--40);padding-right:var(--wp--preset--spacing--30);padding-bottom:var(--wp--preset--spacing--40);padding-left:var(--wp--preset--spacing--30)\">\n<div class=\"wp-block-group alignwide is-content-justification-space-between is-layout-flex wp-container-core-group-is-layout-b585a4aa wp-block-group-is-layout-flex\">\n<div class=\"wp-block-group is-layout-flex wp-block-group-is-layout-flex\"><h1 class=\"wp-block-site-title has-small-font-size\"><a href=\"https:\/\/inatcilezzet.com\" target=\"_self\" rel=\"home\">\u0130nat\u00e7\u0131 Lezzet &#8211; Dondurma<\/a><\/h1><\/div>\n\n\n\n<p class=\"has-small-font-size\">Yaz\u0131l\u0131m \u00c7\u00f6z\u00fcmleri:  <a href=\"https:\/\/freelancegrafiker.com.tr\/\" rel=\"nofollow\">Freelance Grafiker<\/a><\/p>\n<\/div>\n<\/div>\n<\/div>\n<\/div><\/div>\n\n\n\n<p><\/p>\n","protected":false},"excerpt":{"rendered":"","protected":false},"author":1,"featured_media":14,"parent":0,"menu_order":0,"comment_status":"closed","ping_status":"closed","template":"templates\/wpmm-page-template.php","meta":{"_themeisle_gutenberg_block_has_review":false,"footnotes":""},"class_list":["post-6","page","type-page","status-publish","has-post-thumbnail","hentry"],"_links":{"self":[{"href":"https:\/\/inatcilezzet.com\/index.php?rest_route=\/wp\/v2\/pages\/6","targetHints":{"allow":["GET"]}}],"collection":[{"href":"https:\/\/inatcilezzet.com\/index.php?rest_route=\/wp\/v2\/pages"}],"about":[{"href":"https:\/\/inatcilezzet.com\/index.php?rest_route=\/wp\/v2\/types\/page"}],"author":[{"embeddable":true,"href":"https:\/\/inatcilezzet.com\/index.php?rest_route=\/wp\/v2\/users\/1"}],"replies":[{"embeddable":true,"href":"https:\/\/inatcilezzet.com\/index.php?rest_route=%2Fwp%2Fv2%2Fcomments&post=6"}],"version-history":[{"count":10,"href":"https:\/\/inatcilezzet.com\/index.php?rest_route=\/wp\/v2\/pages\/6\/revisions"}],"predecessor-version":[{"id":22,"href":"https:\/\/inatcilezzet.com\/index.php?rest_route=\/wp\/v2\/pages\/6\/revisions\/22"}],"wp:featuredmedia":[{"embeddable":true,"href":"https:\/\/inatcilezzet.com\/index.php?rest_route=\/wp\/v2\/media\/14"}],"wp:attachment":[{"href":"https:\/\/inatcilezzet.com\/index.php?rest_route=%2Fwp%2Fv2%2Fmedia&parent=6"}],"curies":[{"name":"wp","href":"https:\/\/api.w.org\/{rel}","templated":true}]}}